{"id":1708,"date":"2022-09-23T21:31:37","date_gmt":"2022-09-23T21:31:37","guid":{"rendered":"https:\/\/new.lettragepixel.com\/?page_id=1708"},"modified":"2022-10-09T14:04:35","modified_gmt":"2022-10-09T14:04:35","slug":"affichage","status":"publish","type":"page","link":"https:\/\/lettragepixel.com\/en\/affichage\/","title":{"rendered":"Signage"},"content":{"rendered":"<div data-elementor-type=\"wp-page\" data-elementor-id=\"1708\" class=\"elementor elementor-1708\">\n\t\t\t\t\t\t\t\t\t<section class=\"has_ma_el_bg_slider elementor-section elementor-top-section elementor-element elementor-element-bace0cf elementor-section-full_width elementor-section-content-bottom elementor-section-height-default elementor-section-height-default jltma-glass-effect-no\" data-particle_enable=\"false\" data-particle-mobile-disabled=\"false\" data-id=\"bace0cf\" data-element_type=\"section\" data-settings=\"{&quot;background_background&quot;:&quot;classic&quot;}\">\n\t\t\t\t\t\t\t<div class=\"elementor-background-overlay\"><\/div>\n\t\t\t\t\t\t\t<div class=\"elementor-container elementor-column-gap-default\">\n\t\t\t\t\t<div class=\"has_ma_el_bg_slider elementor-column elementor-col-50 elementor-top-column elementor-element elementor-element-1eeab89 jltma-glass-effect-no\" data-id=\"1eeab89\" data-element_type=\"column\">\n\t\t\t<div class=\"elementor-widget-wrap elementor-element-populated\">\n\t\t\t\t\t\t\t\t<div class=\"elementor-element elementor-element-e51391c jltma-glass-effect-no elementor-widget elementor-widget-heading\" data-id=\"e51391c\" data-element_type=\"widget\" data-widget_type=\"heading.default\">\n\t\t\t\t<div class=\"elementor-widget-container\">\n\t\t\t<style>\/*! elementor - v3.17.0 - 08-11-2023 *\/\n.elementor-heading-title{padding:0;margin:0;line-height:1}.elementor-widget-heading .elementor-heading-title[class*=elementor-size-]>a{color:inherit;font-size:inherit;line-height:inherit}.elementor-widget-heading .elementor-heading-title.elementor-size-small{font-size:15px}.elementor-widget-heading .elementor-heading-title.elementor-size-medium{font-size:19px}.elementor-widget-heading .elementor-heading-title.elementor-size-large{font-size:29px}.elementor-widget-heading .elementor-heading-title.elementor-size-xl{font-size:39px}.elementor-widget-heading .elementor-heading-title.elementor-size-xxl{font-size:59px}<\/style><h2 class=\"elementor-heading-title elementor-size-default\">SIGNAGE<\/h2>\t\t<\/div>\n\t\t\t\t<\/div>\n\t\t\t\t<div class=\"elementor-element elementor-element-b2ddbc9 jltma-glass-effect-no elementor-widget elementor-widget-heading\" data-id=\"b2ddbc9\" data-element_type=\"widget\" data-widget_type=\"heading.default\">\n\t\t\t\t<div class=\"elementor-widget-container\">\n\t\t\t<h2 class=\"elementor-heading-title elementor-size-default\">VOTRE IMAGE DE MARQUE \u00c0 L'EXT\u00c9RIEUR<\/h2>\t\t<\/div>\n\t\t\t\t<\/div>\n\t\t\t\t\t<\/div>\n\t\t<\/div>\n\t\t\t\t<div class=\"has_ma_el_bg_slider elementor-column elementor-col-50 elementor-top-column elementor-element elementor-element-4cec477 jltma-glass-effect-no\" data-id=\"4cec477\" data-element_type=\"column\" data-settings=\"{&quot;background_background&quot;:&quot;classic&quot;}\">\n\t\t\t<div class=\"elementor-widget-wrap elementor-element-populated\">\n\t\t\t\t\t\t\t\t<div class=\"elementor-element elementor-element-efef339 jltma-glass-effect-no elementor-widget elementor-widget-spacer\" data-id=\"efef339\" data-element_type=\"widget\" data-widget_type=\"spacer.default\">\n\t\t\t\t<div class=\"elementor-widget-container\">\n\t\t\t<style>\/*! elementor - v3.17.0 - 08-11-2023 *\/\n.elementor-column .elementor-spacer-inner{height:var(--spacer-size)}.e-con{--container-widget-width:100%}.e-con-inner>.elementor-widget-spacer,.e-con>.elementor-widget-spacer{width:var(--container-widget-width,var(--spacer-size));--align-self:var(--container-widget-align-self,initial);--flex-shrink:0}.e-con-inner>.elementor-widget-spacer>.elementor-widget-container,.e-con>.elementor-widget-spacer>.elementor-widget-container{height:100%;width:100%}.e-con-inner>.elementor-widget-spacer>.elementor-widget-container>.elementor-spacer,.e-con>.elementor-widget-spacer>.elementor-widget-container>.elementor-spacer{height:100%}.e-con-inner>.elementor-widget-spacer>.elementor-widget-container>.elementor-spacer>.elementor-spacer-inner,.e-con>.elementor-widget-spacer>.elementor-widget-container>.elementor-spacer>.elementor-spacer-inner{height:var(--container-widget-height,var(--spacer-size))}.e-con-inner>.elementor-widget-spacer.elementor-widget-empty,.e-con>.elementor-widget-spacer.elementor-widget-empty{position:relative;min-height:22px;min-width:22px}.e-con-inner>.elementor-widget-spacer.elementor-widget-empty .elementor-widget-empty-icon,.e-con>.elementor-widget-spacer.elementor-widget-empty .elementor-widget-empty-icon{position:absolute;top:0;bottom:0;left:0;right:0;margin:auto;padding:0;width:22px;height:22px}<\/style>\t\t<div class=\"elementor-spacer\">\n\t\t\t<div class=\"elementor-spacer-inner\"><\/div>\n\t\t<\/div>\n\t\t\t\t<\/div>\n\t\t\t\t<\/div>\n\t\t\t\t\t<\/div>\n\t\t<\/div>\n\t\t\t\t\t\t\t<\/div>\n\t\t<\/section>\n\t\t\t\t<section class=\"has_ma_el_bg_slider elementor-section elementor-top-section elementor-element elementor-element-5b69eb4 elementor-section-boxed elementor-section-height-default elementor-section-height-default jltma-glass-effect-no\" data-particle_enable=\"false\" data-particle-mobile-disabled=\"false\" data-id=\"5b69eb4\" data-element_type=\"section\" data-settings=\"{&quot;background_background&quot;:&quot;classic&quot;}\">\n\t\t\t\t\t\t<div class=\"elementor-container elementor-column-gap-default\">\n\t\t\t\t\t<div class=\"has_ma_el_bg_slider elementor-column elementor-col-100 elementor-top-column elementor-element elementor-element-d8c0778 jltma-glass-effect-no\" data-id=\"d8c0778\" data-element_type=\"column\">\n\t\t\t<div class=\"elementor-widget-wrap elementor-element-populated\">\n\t\t\t\t\t\t\t\t<section class=\"has_ma_el_bg_slider elementor-section elementor-inner-section elementor-element elementor-element-6a535bd elementor-section-boxed elementor-section-height-default elementor-section-height-default jltma-glass-effect-no\" data-particle_enable=\"false\" data-particle-mobile-disabled=\"false\" data-id=\"6a535bd\" data-element_type=\"section\">\n\t\t\t\t\t\t<div class=\"elementor-container elementor-column-gap-default\">\n\t\t\t\t\t<div class=\"has_ma_el_bg_slider elementor-column elementor-col-50 elementor-inner-column elementor-element elementor-element-5591952 jltma-glass-effect-no\" data-id=\"5591952\" data-element_type=\"column\">\n\t\t\t<div class=\"elementor-widget-wrap elementor-element-populated\">\n\t\t\t\t\t\t\t\t<div class=\"elementor-element elementor-element-b7eef10 jltma-glass-effect-no elementor-widget elementor-widget-image\" data-id=\"b7eef10\" data-element_type=\"widget\" data-widget_type=\"image.default\">\n\t\t\t\t<div class=\"elementor-widget-container\">\n\t\t\t<style>\/*! elementor - v3.17.0 - 08-11-2023 *\/\n.elementor-widget-image{text-align:center}.elementor-widget-image a{display:inline-block}.elementor-widget-image a img[src$=\".svg\"]{width:48px}.elementor-widget-image img{vertical-align:middle;display:inline-block}<\/style>\t\t\t\t\t\t\t\t\t\t\t\t<img decoding=\"async\" loading=\"lazy\" width=\"768\" height=\"512\" src=\"https:\/\/lettragepixel.com\/wp-content\/uploads\/2022\/10\/coroplast-ms4s.png\" class=\"attachment-large size-large wp-image-1859\" alt=\"\" srcset=\"https:\/\/lettragepixel.com\/wp-content\/uploads\/2022\/10\/coroplast-ms4s.png 768w, https:\/\/lettragepixel.com\/wp-content\/uploads\/2022\/10\/coroplast-ms4s-300x200.png 300w\" sizes=\"(max-width: 768px) 100vw, 768px\" \/>\t\t\t\t\t\t\t\t\t\t\t\t\t\t\t<\/div>\n\t\t\t\t<\/div>\n\t\t\t\t\t<\/div>\n\t\t<\/div>\n\t\t\t\t<div class=\"has_ma_el_bg_slider elementor-column elementor-col-50 elementor-inner-column elementor-element elementor-element-44fced4 jltma-glass-effect-no\" data-id=\"44fced4\" data-element_type=\"column\">\n\t\t\t<div class=\"elementor-widget-wrap elementor-element-populated\">\n\t\t\t\t\t\t\t\t<div class=\"elementor-element elementor-element-0d1d97f jltma-glass-effect-no elementor-widget elementor-widget-text-editor\" data-id=\"0d1d97f\" data-element_type=\"widget\" data-widget_type=\"text-editor.default\">\n\t\t\t\t<div class=\"elementor-widget-container\">\n\t\t\t<style>\/*! elementor - v3.17.0 - 08-11-2023 *\/\n.elementor-widget-text-editor.elementor-drop-cap-view-stacked .elementor-drop-cap{background-color:#69727d;color:#fff}.elementor-widget-text-editor.elementor-drop-cap-view-framed .elementor-drop-cap{color:#69727d;border:3px solid;background-color:transparent}.elementor-widget-text-editor:not(.elementor-drop-cap-view-default) .elementor-drop-cap{margin-top:8px}.elementor-widget-text-editor:not(.elementor-drop-cap-view-default) .elementor-drop-cap-letter{width:1em;height:1em}.elementor-widget-text-editor .elementor-drop-cap{float:left;text-align:center;line-height:1;font-size:50px}.elementor-widget-text-editor .elementor-drop-cap-letter{display:inline-block}<\/style>\t\t\t\t<p>Que nous en soyons conscients ou non, les panneaux nous guident et nous informent sur presque tout. Des routes aux magasins, en passant par les \u00e9tablissements de sant\u00e9 et d&rsquo;enseignement, et les lieux de sport et de divertissement, nous comptons sur les panneaux pour nous aider \u00e0 nous orienter dans notre vie quotidienne. Chaque entreprise a besoin d&rsquo;un moyen clair et concis pour annoncer son emplacement, ses horaires et ses \u00e9v\u00e9nements sp\u00e9ciaux.<\/p><p><strong>D\u00e9couvrez certains de nos travaux r\u00e9cents sur notre page &laquo; r\u00e9salisations &raquo;, puis appelez-nous ! Travaillons ensemble pour trouver la meilleure fa\u00e7on d&rsquo;ajouter un peu plus de couleur et d&rsquo;\u00e9nergie \u00e0 votre lieu de travail.<\/strong><\/p>\t\t\t\t\t\t<\/div>\n\t\t\t\t<\/div>\n\t\t\t\t\t<\/div>\n\t\t<\/div>\n\t\t\t\t\t\t\t<\/div>\n\t\t<\/section>\n\t\t\t\t<section class=\"has_ma_el_bg_slider elementor-section elementor-inner-section elementor-element elementor-element-6775b65 elementor-section-boxed elementor-section-height-default elementor-section-height-default jltma-glass-effect-no\" data-particle_enable=\"false\" data-particle-mobile-disabled=\"false\" data-id=\"6775b65\" data-element_type=\"section\">\n\t\t\t\t\t\t<div class=\"elementor-container elementor-column-gap-default\">\n\t\t\t\t\t<div class=\"has_ma_el_bg_slider elementor-column elementor-col-50 elementor-inner-column elementor-element elementor-element-ce581b4 jltma-glass-effect-no\" data-id=\"ce581b4\" data-element_type=\"column\">\n\t\t\t<div class=\"elementor-widget-wrap elementor-element-populated\">\n\t\t\t\t\t\t\t\t<div class=\"elementor-element elementor-element-2c74310 jltma-glass-effect-no elementor-widget elementor-widget-heading\" data-id=\"2c74310\" data-element_type=\"widget\" data-widget_type=\"heading.default\">\n\t\t\t\t<div class=\"elementor-widget-container\">\n\t\t\t<h2 class=\"elementor-heading-title elementor-size-default\">Affichage sur B\u00e2timent<\/h2>\t\t<\/div>\n\t\t\t\t<\/div>\n\t\t\t\t<div class=\"elementor-element elementor-element-1e1b8df jltma-glass-effect-no elementor-widget elementor-widget-text-editor\" data-id=\"1e1b8df\" data-element_type=\"widget\" data-widget_type=\"text-editor.default\">\n\t\t\t\t<div class=\"elementor-widget-container\">\n\t\t\t\t\t\t\t<p>En utilisant l&rsquo;alupanel avec du vinyle 3M, nous sommes en mesure de produire l&rsquo;enseigne la plus durable et de la plus haute qualit\u00e9 pour votre b\u00e2timent.<\/p><p>Les affichages sur b\u00e2timent sont souvent la premi\u00e8re interaction d&rsquo;un client avec votre entreprise ou votre marque. Ils constituent donc la premi\u00e8re impression de votre entreprise par votre client. Ils servent de communication visuelle pour votre marque et peuvent attirer les clients.<br \/><br \/><\/p><p>Les affiches ont de nombreuses fonctions, qu&rsquo;il s&rsquo;agisse de mettre en valeur le nom et le logo de l&rsquo;entreprise au bord de la route ou d&rsquo;aider les clients \u00e0 trouver leur chemin dans le parking, et ils contribuent \u00e0 garantir une exp\u00e9rience agr\u00e9able pour le client.<\/p>\t\t\t\t\t\t<\/div>\n\t\t\t\t<\/div>\n\t\t\t\t\t<\/div>\n\t\t<\/div>\n\t\t\t\t<div class=\"has_ma_el_bg_slider elementor-column elementor-col-50 elementor-inner-column elementor-element elementor-element-5324bac jltma-glass-effect-no\" data-id=\"5324bac\" data-element_type=\"column\">\n\t\t\t<div class=\"elementor-widget-wrap elementor-element-populated\">\n\t\t\t\t\t\t\t\t<div class=\"elementor-element elementor-element-dd0fa32 jltma-glass-effect-no elementor-widget elementor-widget-image\" data-id=\"dd0fa32\" data-element_type=\"widget\" data-widget_type=\"image.default\">\n\t\t\t\t<div class=\"elementor-widget-container\">\n\t\t\t\t\t\t\t\t\t\t\t\t\t\t\t<img decoding=\"async\" loading=\"lazy\" width=\"768\" height=\"512\" src=\"https:\/\/lettragepixel.com\/wp-content\/uploads\/2022\/09\/Affiche-alupanel.png\" class=\"attachment-large size-large wp-image-1713\" alt=\"\" srcset=\"https:\/\/lettragepixel.com\/wp-content\/uploads\/2022\/09\/Affiche-alupanel.png 768w, https:\/\/lettragepixel.com\/wp-content\/uploads\/2022\/09\/Affiche-alupanel-300x200.png 300w\" sizes=\"(max-width: 768px) 100vw, 768px\" \/>\t\t\t\t\t\t\t\t\t\t\t\t\t\t\t<\/div>\n\t\t\t\t<\/div>\n\t\t\t\t\t<\/div>\n\t\t<\/div>\n\t\t\t\t\t\t\t<\/div>\n\t\t<\/section>\n\t\t\t\t<section class=\"has_ma_el_bg_slider elementor-section elementor-inner-section elementor-element elementor-element-17b9773 elementor-section-boxed elementor-section-height-default elementor-section-height-default jltma-glass-effect-no\" data-particle_enable=\"false\" data-particle-mobile-disabled=\"false\" data-id=\"17b9773\" data-element_type=\"section\">\n\t\t\t\t\t\t<div class=\"elementor-container elementor-column-gap-default\">\n\t\t\t\t\t<div class=\"has_ma_el_bg_slider elementor-column elementor-col-50 elementor-inner-column elementor-element elementor-element-1077d7b jltma-glass-effect-no\" data-id=\"1077d7b\" data-element_type=\"column\">\n\t\t\t<div class=\"elementor-widget-wrap elementor-element-populated\">\n\t\t\t\t\t\t\t\t<div class=\"elementor-element elementor-element-f69f8fe jltma-glass-effect-no elementor-widget elementor-widget-image\" data-id=\"f69f8fe\" data-element_type=\"widget\" data-widget_type=\"image.default\">\n\t\t\t\t<div class=\"elementor-widget-container\">\n\t\t\t\t\t\t\t\t\t\t\t\t\t\t\t<img decoding=\"async\" loading=\"lazy\" width=\"768\" height=\"512\" src=\"https:\/\/lettragepixel.com\/wp-content\/uploads\/2022\/09\/Affiche-Coro-coupe\u0301.png\" class=\"attachment-large size-large wp-image-1712\" alt=\"\" srcset=\"https:\/\/lettragepixel.com\/wp-content\/uploads\/2022\/09\/Affiche-Coro-coupe\u0301.png 768w, https:\/\/lettragepixel.com\/wp-content\/uploads\/2022\/09\/Affiche-Coro-coupe\u0301-300x200.png 300w\" sizes=\"(max-width: 768px) 100vw, 768px\" \/>\t\t\t\t\t\t\t\t\t\t\t\t\t\t\t<\/div>\n\t\t\t\t<\/div>\n\t\t\t\t\t<\/div>\n\t\t<\/div>\n\t\t\t\t<div class=\"has_ma_el_bg_slider elementor-column elementor-col-50 elementor-inner-column elementor-element elementor-element-7a48973 jltma-glass-effect-no\" data-id=\"7a48973\" data-element_type=\"column\">\n\t\t\t<div class=\"elementor-widget-wrap elementor-element-populated\">\n\t\t\t\t\t\t\t\t<div class=\"elementor-element elementor-element-23abb75 jltma-glass-effect-no elementor-widget elementor-widget-heading\" data-id=\"23abb75\" data-element_type=\"widget\" data-widget_type=\"heading.default\">\n\t\t\t\t<div class=\"elementor-widget-container\">\n\t\t\t<h2 class=\"elementor-heading-title elementor-size-default\">Affichage \u00e0 l'ext\u00e9rieur<\/h2>\t\t<\/div>\n\t\t\t\t<\/div>\n\t\t\t\t<div class=\"elementor-element elementor-element-521d881 jltma-glass-effect-no elementor-widget elementor-widget-text-editor\" data-id=\"521d881\" data-element_type=\"widget\" data-widget_type=\"text-editor.default\">\n\t\t\t\t<div class=\"elementor-widget-container\">\n\t\t\t\t\t\t\t<p><span style=\"font-style: inherit; font-weight: inherit;\">Les panneaux de construction sont importants pour assurer la s\u00e9curit\u00e9 des travailleurs en avertissant les conducteurs des travaux de construction routi\u00e8re en cours. De plus, ces panneaux permettent de faire la publicit\u00e9 de votre projet sp\u00e9cifique ou de votre entreprise dans son ensemble.<\/span><\/p><p><span style=\"font-style: inherit; font-weight: inherit;\">Ces panneaux ext\u00e9rieurs durables sont souvent fabriqu\u00e9s en vinyle l\u00e9ger r\u00e9sistant aux intemp\u00e9ries et suspendus \u00e0 des cl\u00f4tures proches ou con\u00e7us comme des panneaux \u00e0 poteaux. En cr\u00e9ant votre propre signal\u00e9tique personnalis\u00e9e, vous pouvez vous assurer que l&rsquo;image de marque de votre entreprise est maintenue en incluant votre logo et les couleurs de votre entreprise.<\/span><\/p>\t\t\t\t\t\t<\/div>\n\t\t\t\t<\/div>\n\t\t\t\t\t<\/div>\n\t\t<\/div>\n\t\t\t\t\t\t\t<\/div>\n\t\t<\/section>\n\t\t\t\t\t<\/div>\n\t\t<\/div>\n\t\t\t\t\t\t\t<\/div>\n\t\t<\/section>\n\t\t\t\t<section class=\"has_ma_el_bg_slider elementor-section elementor-top-section elementor-element elementor-element-26268fd elementor-section-boxed elementor-section-height-default elementor-section-height-default jltma-glass-effect-no\" data-particle_enable=\"false\" data-particle-mobile-disabled=\"false\" data-id=\"26268fd\" data-element_type=\"section\" data-settings=\"{&quot;background_background&quot;:&quot;classic&quot;}\">\n\t\t\t\t\t\t<div class=\"elementor-container elementor-column-gap-default\">\n\t\t\t\t\t<div class=\"has_ma_el_bg_slider elementor-column elementor-col-100 elementor-top-column elementor-element elementor-element-ef08493 jltma-glass-effect-no\" data-id=\"ef08493\" data-element_type=\"column\">\n\t\t\t<div class=\"elementor-widget-wrap elementor-element-populated\">\n\t\t\t\t\t\t\t\t<div class=\"elementor-element elementor-element-a04cb2d jltma-glass-effect-no elementor-widget elementor-widget-heading\" data-id=\"a04cb2d\" data-element_type=\"widget\" data-widget_type=\"heading.default\">\n\t\t\t\t<div class=\"elementor-widget-container\">\n\t\t\t<h2 class=\"elementor-heading-title elementor-size-default\">UNE PUBLICIT\u00c9 EFFICACE \u00c0 L'EXTERIEUR DU BUREAU<\/h2>\t\t<\/div>\n\t\t\t\t<\/div>\n\t\t\t\t<div class=\"elementor-element elementor-element-dc9cbb2 jltma-glass-effect-no elementor-widget elementor-widget-text-editor\" data-id=\"dc9cbb2\" data-element_type=\"widget\" data-widget_type=\"text-editor.default\">\n\t\t\t\t<div class=\"elementor-widget-container\">\n\t\t\t\t\t\t\t<p>If you have any questions that are not answered below, please feel free to call or email us. Someone from Lettrage Pixel will be happy to help you.<\/p>\t\t\t\t\t\t<\/div>\n\t\t\t\t<\/div>\n\t\t\t\t<div class=\"elementor-element elementor-element-beb43d8 jltma-glass-effect-no elementor-widget elementor-widget-spacer\" data-id=\"beb43d8\" data-element_type=\"widget\" data-widget_type=\"spacer.default\">\n\t\t\t\t<div class=\"elementor-widget-container\">\n\t\t\t\t\t<div class=\"elementor-spacer\">\n\t\t\t<div class=\"elementor-spacer-inner\"><\/div>\n\t\t<\/div>\n\t\t\t\t<\/div>\n\t\t\t\t<\/div>\n\t\t\t\t<div class=\"elementor-element elementor-element-d73ffb6 jltma-glass-effect-no elementor-widget elementor-widget-eael-adv-accordion\" data-id=\"d73ffb6\" data-element_type=\"widget\" data-widget_type=\"eael-adv-accordion.default\">\n\t\t\t\t<div class=\"elementor-widget-container\">\n\t\t\t        <div class=\"eael-adv-accordion\" id=\"eael-adv-accordion-d73ffb6\" data-accordion-id=\"d73ffb6\" data-accordion-type=\"accordion\" data-toogle-speed=\"300\">\n    <div class=\"eael-accordion-list\">\n                <div id=\"de-quel-matriau-mon-enseigne-doit-elle-tre-faite\" class=\"elementor-tab-title eael-accordion-header\" tabindex=\"0\" data-tab=\"1\" aria-controls=\"elementor-tab-content-2251\"><span class=\"eael-accordion-tab-title\">DE QUEL MAT\u00c9RIAU MON ENSEIGNE DOIT-ELLE \u00caTRE FAITE?<\/span><svg aria-hidden=\"true\" class=\"fa-toggle e-font-icon-svg e-fas-angle-right\" viewbox=\"0 0 256 512\" xmlns=\"http:\/\/www.w3.org\/2000\/svg\"><path d=\"M224.3 273l-136 136c-9.4 9.4-24.6 9.4-33.9 0l-22.6-22.6c-9.4-9.4-9.4-24.6 0-33.9l96.4-96.4-96.4-96.4c-9.4-9.4-9.4-24.6 0-33.9L54.3 103c9.4-9.4 24.6-9.4 33.9 0l136 136c9.5 9.4 9.5 24.6.1 34z\"><\/path><\/svg><\/div><div id=\"elementor-tab-content-2251\" class=\"eael-accordion-content clearfix\" data-tab=\"1\" aria-labelledby=\"de-quel-matriau-mon-enseigne-doit-elle-tre-faite\"><p><p>Nous stockons de nombreux mat\u00e9riaux de signalisation diff\u00e9rents dans diff\u00e9rentes \u00e9paisseurs.<\/p><p>Nous sugg\u00e9rons d&rsquo;utiliser Alupanel pour la signalisation ext\u00e9rieure \u00e0 long terme.<\/p><p>Coroplast pour signalisation ext\u00e9rieure de courte dur\u00e9e<\/p><p>Styr\u00e8ne pour la signal\u00e9tique int\u00e9rieure<\/p><\/p><\/div>\n                <\/div><div class=\"eael-accordion-list\">\n                <div id=\"combien-de-temps-durera-mon-enseigne\" class=\"elementor-tab-title eael-accordion-header\" tabindex=\"0\" data-tab=\"2\" aria-controls=\"elementor-tab-content-2252\"><span class=\"eael-accordion-tab-title\">COMBIEN DE TEMPS DURERA MON ENSEIGNE?<\/span><svg aria-hidden=\"true\" class=\"fa-toggle e-font-icon-svg e-fas-angle-right\" viewbox=\"0 0 256 512\" xmlns=\"http:\/\/www.w3.org\/2000\/svg\"><path d=\"M224.3 273l-136 136c-9.4 9.4-24.6 9.4-33.9 0l-22.6-22.6c-9.4-9.4-9.4-24.6 0-33.9l96.4-96.4-96.4-96.4c-9.4-9.4-9.4-24.6 0-33.9L54.3 103c9.4-9.4 24.6-9.4 33.9 0l136 136c9.5 9.4 9.5 24.6.1 34z\"><\/path><\/svg><\/div><div id=\"elementor-tab-content-2252\" class=\"eael-accordion-content clearfix\" data-tab=\"2\" aria-labelledby=\"combien-de-temps-durera-mon-enseigne\"><p><p>Cela d\u00e9pend de l&#8217;emplacement de votre enseigne. La lumi\u00e8re directe du soleil peut r\u00e9duire la dur\u00e9e de vie de votre enseigne.<\/p><p>Une enseigne en alupanel avec un vinyle 3M durera 5 \u00e0 7 ans \u00e0 l&rsquo;ext\u00e9rieur.<\/p><p>Un coroplast avec laminage durera 2-3 ans \u00e0 l&rsquo;ext\u00e9rieur.<\/p><\/p><\/div>\n                <\/div><div class=\"eael-accordion-list\">\n                <div id=\"quelle-est-votre-politique-dannulation\" class=\"elementor-tab-title eael-accordion-header\" tabindex=\"0\" data-tab=\"3\" aria-controls=\"elementor-tab-content-2253\"><span class=\"eael-accordion-tab-title\">WHAT IS YOUR CANCELLATION POLICY?<\/span><svg aria-hidden=\"true\" class=\"fa-toggle e-font-icon-svg e-fas-angle-right\" viewbox=\"0 0 256 512\" xmlns=\"http:\/\/www.w3.org\/2000\/svg\"><path d=\"M224.3 273l-136 136c-9.4 9.4-24.6 9.4-33.9 0l-22.6-22.6c-9.4-9.4-9.4-24.6 0-33.9l96.4-96.4-96.4-96.4c-9.4-9.4-9.4-24.6 0-33.9L54.3 103c9.4-9.4 24.6-9.4 33.9 0l136 136c9.5 9.4 9.5 24.6.1 34z\"><\/path><\/svg><\/div><div id=\"elementor-tab-content-2253\" class=\"eael-accordion-content clearfix\" data-tab=\"3\" aria-labelledby=\"quelle-est-votre-politique-dannulation\"><p><p>Si vous choisissez d&rsquo;annuler votre commande, Lettrage Pixel remboursera l&rsquo;acompte, moins les frais de graphisme. Le d\u00e9p\u00f4t retenu peut \u00eatre transf\u00e9r\u00e9 \u00e0 des projets futurs. L&rsquo;annulation d&rsquo;un projet doit avoir lieu avant l&rsquo;impression.<\/p><\/p><\/div>\n                <\/div><\/div>\t\t<\/div>\n\t\t\t\t<\/div>\n\t\t\t\t\t<\/div>\n\t\t<\/div>\n\t\t\t\t\t\t\t<\/div>\n\t\t<\/section>\n\t\t\t\t\t\t\t<\/div>","protected":false},"excerpt":{"rendered":"<p>AFFICHAGE VOTRE IMAGE DE MARQUE \u00c0 L&rsquo;EXT\u00c9RIEUR Que nous en soyons conscients ou non, les panneaux nous guident et nous informent sur presque tout. Des routes aux magasins, en passant par les \u00e9tablissements de sant\u00e9 et d&rsquo;enseignement, et les lieux de sport et de divertissement, nous comptons sur les panneaux pour nous aider \u00e0 nous &hellip;<\/p>\n<p class=\"read-more\"> <a class=\"\" href=\"https:\/\/lettragepixel.com\/en\/affichage\/\"> <span class=\"screen-reader-text\">Signage<\/span> Read More &raquo;<\/a><\/p>","protected":false},"author":2,"featured_media":0,"parent":0,"menu_order":0,"comment_status":"closed","ping_status":"closed","template":"","meta":{"inline_featured_image":false,"site-sidebar-layout":"no-sidebar","site-content-layout":"page-builder","ast-global-header-display":"","ast-main-header-display":"","ast-hfb-above-header-display":"","ast-hfb-below-header-display":"","ast-hfb-mobile-header-display":"","site-post-title":"disabled","ast-breadcrumbs-content":"","ast-featured-img":"disabled","footer-sml-layout":"","theme-transparent-header-meta":"","adv-header-id-meta":"","stick-header-meta":"","header-above-stick-meta":"","header-main-stick-meta":"","header-below-stick-meta":"","footnotes":""},"_links":{"self":[{"href":"https:\/\/lettragepixel.com\/en\/wp-json\/wp\/v2\/pages\/1708"}],"collection":[{"href":"https:\/\/lettragepixel.com\/en\/wp-json\/wp\/v2\/pages"}],"about":[{"href":"https:\/\/lettragepixel.com\/en\/wp-json\/wp\/v2\/types\/page"}],"author":[{"embeddable":true,"href":"https:\/\/lettragepixel.com\/en\/wp-json\/wp\/v2\/users\/2"}],"replies":[{"embeddable":true,"href":"https:\/\/lettragepixel.com\/en\/wp-json\/wp\/v2\/comments?post=1708"}],"version-history":[{"count":16,"href":"https:\/\/lettragepixel.com\/en\/wp-json\/wp\/v2\/pages\/1708\/revisions"}],"predecessor-version":[{"id":1874,"href":"https:\/\/lettragepixel.com\/en\/wp-json\/wp\/v2\/pages\/1708\/revisions\/1874"}],"wp:attachment":[{"href":"https:\/\/lettragepixel.com\/en\/wp-json\/wp\/v2\/media?parent=1708"}],"curies":[{"name":"wp","href":"https:\/\/api.w.org\/{rel}","templated":true}]}}